{"id":7605,"date":"2026-01-21T15:55:49","date_gmt":"2026-01-21T21:55:49","guid":{"rendered":"https:\/\/www.coopelga.hn\/informativa\/?page_id=7605"},"modified":"2026-01-24T10:04:21","modified_gmt":"2026-01-24T16:04:21","slug":"elga-mundialista","status":"publish","type":"page","link":"https:\/\/www.coopelga.hn\/informativa\/elga-mundialista\/","title":{"rendered":"ELGA MUNDIALISTA"},"content":{"rendered":"<p>BASES DE LA PROMOCI\u00d3N<br \/>\nA continuaci\u00f3n, se presenta la mec\u00e1nica de la campa\u00f1a:<br \/>\nVigencia:<br \/>\nDel 22 de enero al 15 de abril de 2026.<br \/>\nC\u00f3mo participar:<br \/>\nEl afiliado participa al realizar cualquiera de las siguientes transacciones:<br \/>\n1.\tApertura o dep\u00f3sito de un m\u00ednimo L 1,000.00 en las cuentas de:<br \/>\n-Aportaciones<br \/>\n-Ahorro navide\u00f1o<br \/>\n-Cuenta de ahorro con Prop\u00f3sito<br \/>\n2.\tApertura de dep\u00f3sito a plazo fijo por con un monto m\u00ednimo de L 100,000.00<br \/>\n3.\tPr\u00e9stamos aprobados y desembolsados con un monto m\u00ednimo de L 100,000.00<\/p>\n<p>Premios:<br \/>\n3\tPaquetes dobles para disfrutar el mundial de f\u00fatbol.<\/p>\n<p>Paquete 1: Argentina-Austria 21 al 23 de junio 2026.<br \/>\nPaquete 2: Colombia-Portugal 26 al 28 de junio 2026.<br \/>\nPaquete 3: Francia-Noruega 25 al 27 de junio 2026.<\/p>\n<p>Cada paquete incluye<br \/>\n\u2022\tBoletos a\u00e9reos.<br \/>\n\u2022\tTraslados privados de llegada y salida.<br \/>\n\u2022\t2 noches de alojamiento.<br \/>\n\u2022\tDesayuno diario.<br \/>\n\u2022\tEntrada con hospitalidad, exceptuando partido Colombia-Portugal.<br \/>\n\u2022\tTraslados al evento en servicio compartido, ida y vuelta en horarios establecidos.<br \/>\n\u2022\tRegalo conmemorativo del Mundial 2026.<\/p>\n<p>Condiciones y restricciones<br \/>\n\u2022\tLa presente promoci\u00f3n aplica exclusivamente para afiliados naturales de Cooperativa ELGA que se encuentren debidamente afiliados y mantengan todas sus cuentas activas.<br \/>\n\u2022\tNo podr\u00e1n participar afiliados con cuentas canceladas, en mora o en estado legal, ya sea extrajudicial o judicial. Quedan expresamente excluidos de la promoci\u00f3n los afiliados jur\u00eddicos, cr\u00e9ditos empresariales y cualquier otra figura similar.<br \/>\n\u2022\tLos Directivos y colaboradores de la Cooperativa ELGA, no participan en la promoci\u00f3n.<\/p>\n<p>\u2022\tLos afiliados que presenten transacciones reversadas perder\u00e1n autom\u00e1ticamente los n\u00fameros electr\u00f3nicos que les hayan sido asignados.<\/p>\n<p>\u2022\tNo se asignar\u00e1n n\u00fameros electr\u00f3nicos por capitalizaci\u00f3n de pr\u00e9stamos.<\/p>\n<p>\u2022\tLos dep\u00f3sitos y transacciones v\u00e1lidas deber\u00e1n realizarse exclusivamente dentro del per\u00edodo de vigencia de la promoci\u00f3n.<\/p>\n<p>\u2022\tEn caso de que el Afiliado ganador de alguno de los paquetes no cuente con visa americana, queda facultado para transferir a la persona que el ganador decida. Dicha persona beneficiaria deber\u00e1 contar con visa americana vigente. notificando a la Cooperativa ELGA dentro de un plazo m\u00e1ximo de 15 d\u00edas a partir de la fecha de notificaci\u00f3n del premio.<\/p>\n<p>\u2022\tEl premio no es canjeable por dinero en efectivo. El premio podr\u00e1 ser transferible, siempre y cuando el ganador lo comunique por escrito a Cooperativa ELGA, indicando de forma expresa la persona a quien cede el premio.<\/p>\n<p>\u2022\tCooperativa ELGA no se hace responsable por tr\u00e1mites migratorios, consulares, costos asociados, impuestos, tasas, penalidades, gastos personales ni por cualquier otro gasto no expresamente incluido en el premio.<\/p>\n<p>\u2022\tCooperativa ELGA se reserva el derecho de modificar las presentes condiciones y restricciones, siempre que dichas modificaciones no alteren la esencia de la promoci\u00f3n, debiendo ser notificadas previamente a trav\u00e9s de los medios de comunicaci\u00f3n oficiales de la Cooperativa. En aquellos casos en los que Cooperativa ELGA determine la existencia de incumplimiento, fraude o vicios en la participaci\u00f3n, los participantes aceptan que la Cooperativa queda plenamente facultada para retener o cancelar los premios, sin responsabilidad alguna.<\/p>\n<p>\u2022\tLa participaci\u00f3n en la promoci\u00f3n implica el conocimiento, entendimiento y aceptaci\u00f3n total, expresa e irrevocable de las presentes condiciones y restricciones.<\/p>\n","protected":false},"excerpt":{"rendered":"<p>BASES DE LA PROMOCI\u00d3N A continuaci\u00f3n, se presenta la mec\u00e1nica de la campa\u00f1a: Vigencia: Del 22 de enero al 15 de abril de 2026. C\u00f3mo participar: El afiliado participa al realizar cualquiera de las siguientes transacciones: 1. Apertura o dep\u00f3sito de un m\u00ednimo L 1,000.00 en las cuentas de: -Aportaciones -Ahorro navide\u00f1o -Cuenta de ahorro<\/p>\n","protected":false},"author":4,"featured_media":0,"parent":0,"menu_order":0,"comment_status":"closed","ping_status":"closed","template":"","meta":[],"_links":{"self":[{"href":"https:\/\/www.coopelga.hn\/informativa\/wp-json\/wp\/v2\/pages\/7605"}],"collection":[{"href":"https:\/\/www.coopelga.hn\/informativa\/wp-json\/wp\/v2\/pages"}],"about":[{"href":"https:\/\/www.coopelga.hn\/informativa\/wp-json\/wp\/v2\/types\/page"}],"author":[{"embeddable":true,"href":"https:\/\/www.coopelga.hn\/informativa\/wp-json\/wp\/v2\/users\/4"}],"replies":[{"embeddable":true,"href":"https:\/\/www.coopelga.hn\/informativa\/wp-json\/wp\/v2\/comments?post=7605"}],"version-history":[{"count":4,"href":"https:\/\/www.coopelga.hn\/informativa\/wp-json\/wp\/v2\/pages\/7605\/revisions"}],"predecessor-version":[{"id":7632,"href":"https:\/\/www.coopelga.hn\/informativa\/wp-json\/wp\/v2\/pages\/7605\/revisions\/7632"}],"wp:attachment":[{"href":"https:\/\/www.coopelga.hn\/informativa\/wp-json\/wp\/v2\/media?parent=7605"}],"curies":[{"name":"wp","href":"https:\/\/api.w.org\/{rel}","templated":true}]}}