{"id":7258,"date":"2024-10-10T15:46:48","date_gmt":"2024-10-10T21:46:48","guid":{"rendered":"https:\/\/www.coopelga.hn\/informativa\/?page_id=7258"},"modified":"2026-01-21T15:50:41","modified_gmt":"2026-01-21T21:50:41","slug":"arranca-el-59-aniversario-de-cooperativa-elga","status":"publish","type":"page","link":"https:\/\/www.coopelga.hn\/informativa\/arranca-el-59-aniversario-de-cooperativa-elga\/","title":{"rendered":"\u00a1Mujer ELGA, Celebra Ahorrando con \u00c9xito!"},"content":{"rendered":"<p><b>MEC\u00c1NICA:<\/b><br \/>\nEn el mes del d\u00eda de la mujer, Cooperativa ELGA reconoce a las mujeres que construyen su futuro a trav\u00e9s del ahorro, premi\u00e1ndolas con la oportunidad de vivir una experiencia inolvidable.<\/p>\n<p>Fecha de Inicio: 15 de enero 2026<br \/>\nFecha fin: 11 de febrero 2026<br \/>\nSorteo: 12 de febrero 2026<\/p>\n<p><b>C\u00f3mo Participar:<\/b><br \/>\nSe asignar\u00e1 un n\u00famero electr\u00f3nico por:<br \/>\n\u2022 Dep\u00f3sitos en la cuenta de ahorro mujer por un monto m\u00ednimo de L 500.00 (por FIVI, planilla o ventanilla).<br \/>\n\u2022 Apertura de nueva cuenta de ahorro mujer con un monto m\u00ednimo de L 500.00 (por FIVI, planilla o ventanilla).<\/p>\n<p><b>Premios:<\/b><br \/>\nSe sortear\u00e1 2 pases dobles para el concierto de Shakira en la Ciudad de El Salvador todo<br \/>\nincluido.<\/p>\n<p><b>Condiciones y restricciones<\/b><br \/>\nPodr\u00e1n participar en la promoci\u00f3n todas las afiliadas de Cooperativa ELGA que mantengan activa su cuenta de aportaciones y su cuenta de ahorro mujer, siempre que cumplan con las condiciones establecidas en el presente reglamento.<br \/>\n\u2022No podr\u00e1n participar las afiliadas que se encuentren en mora o en estado legal, ya sea extrajudicial o judicial, al momento de realizar el sorteo.<br \/>\n\u2022Participar\u00e1n las afiliadas que realicen dep\u00f3sitos m\u00ednimos de L 500.00, ya sea por caja, FIVI o planilla, de acuerdo con lo establecido en la mec\u00e1nica de la promoci\u00f3n.<br \/>\n\u2022Cada dep\u00f3sito de L 500.00 quedar\u00e1 pignorado por un per\u00edodo de un (1) mes, contado a partir del inicio de la campa\u00f1a.<br \/>\n\u2022Tambi\u00e9n participar\u00e1n las afiliadas que reactiven su cuenta de ahorro mujer, siempre que dicha reactivaci\u00f3n se realice mediante dep\u00f3sitos m\u00ednimos de L 500.00.<br \/>\n\u2022Las afiliadas que presenten transacciones reversadas perder\u00e1n autom\u00e1ticamente los n\u00fameros electr\u00f3nicos que les hayan sido asignados para participar en la promoci\u00f3n.<br \/>\n\u2022La entrega del premio ser\u00e1 personal a la afiliada ganadora; no obstante, el premio podr\u00e1 ser transferible.<br \/>\n\u2022El premio no es canjeable por dinero en efectivo.<br \/>\n\u2022No podr\u00e1n participar en la promoci\u00f3n los directivos ni los colaboradores de Cooperativa ELGA.<br \/>\n\u2022La Cooperativa ELGA se reserva el derecho de modificar las presentes bases, siempre y cuando no se altere la esencia de la promoci\u00f3n. Cualquier modificaci\u00f3n ser\u00e1 debidamente notificada de forma previa a trav\u00e9s de los medios de comunicaci\u00f3n oficiales de La Cooperativa.<br \/>\n\u2022En caso de que La Cooperativa determine la existencia de incumplimiento, irregularidad o vicio en la participaci\u00f3n, la afiliada acepta y reconoce que la Cooperativa ELGA quedar\u00e1 facultada para retener o anular el premio, sin responsabilidad alguna.<br \/>\n\u2022Una vez entregado el premio, afiliada ganadora exime de toda responsabilidad a La Cooperativa ELGA por el uso, goce o disfrute del mismo.<br \/>\n\u2022La participaci\u00f3n en la promoci\u00f3n implica el conocimiento, aceptaci\u00f3n y cumplimiento \u00edntegro de las presentes bases y condiciones.<\/p>\n","protected":false},"excerpt":{"rendered":"<p>MEC\u00c1NICA: En el mes del d\u00eda de la mujer, Cooperativa ELGA reconoce a las mujeres que construyen su futuro a trav\u00e9s del ahorro, premi\u00e1ndolas con la oportunidad de vivir una experiencia inolvidable. Fecha de Inicio: 15 de enero 2026 Fecha fin: 11 de febrero 2026 Sorteo: 12 de febrero 2026 C\u00f3mo Participar: Se asignar\u00e1 un<\/p>\n","protected":false},"author":4,"featured_media":0,"parent":0,"menu_order":0,"comment_status":"closed","ping_status":"closed","template":"","meta":[],"_links":{"self":[{"href":"https:\/\/www.coopelga.hn\/informativa\/wp-json\/wp\/v2\/pages\/7258"}],"collection":[{"href":"https:\/\/www.coopelga.hn\/informativa\/wp-json\/wp\/v2\/pages"}],"about":[{"href":"https:\/\/www.coopelga.hn\/informativa\/wp-json\/wp\/v2\/types\/page"}],"author":[{"embeddable":true,"href":"https:\/\/www.coopelga.hn\/informativa\/wp-json\/wp\/v2\/users\/4"}],"replies":[{"embeddable":true,"href":"https:\/\/www.coopelga.hn\/informativa\/wp-json\/wp\/v2\/comments?post=7258"}],"version-history":[{"count":4,"href":"https:\/\/www.coopelga.hn\/informativa\/wp-json\/wp\/v2\/pages\/7258\/revisions"}],"predecessor-version":[{"id":7604,"href":"https:\/\/www.coopelga.hn\/informativa\/wp-json\/wp\/v2\/pages\/7258\/revisions\/7604"}],"wp:attachment":[{"href":"https:\/\/www.coopelga.hn\/informativa\/wp-json\/wp\/v2\/media?parent=7258"}],"curies":[{"name":"wp","href":"https:\/\/api.w.org\/{rel}","templated":true}]}}