{"id":6818,"date":"2023-05-31T10:14:10","date_gmt":"2023-05-31T16:14:10","guid":{"rendered":"https:\/\/www.coopelga.hn\/informativa\/?page_id=6818"},"modified":"2023-05-31T10:14:12","modified_gmt":"2023-05-31T16:14:12","slug":"core-financiero","status":"publish","type":"page","link":"https:\/\/www.coopelga.hn\/informativa\/core-financiero\/","title":{"rendered":"Core Financiero"},"content":{"rendered":"<p>Cooperativa ELGA, siempre a la vanguardia del liderazgo tecnol\u00f3gico implementa su nuevo sistema CORE Financiero.<\/p>\n<p>El CORE Financiero incluye medidas de protecci\u00f3n de \u00faltima generaci\u00f3n para salvaguardar la informaci\u00f3n y las transacciones de cada usuario. Este enfoque integral de la seguridad garantiza que todos los afiliados puedan administrar sus cuentas con total tranquilidad.<\/p>\n<p>Entre las mejoras en los servicios que ofrece la Cooperativa ELGA con la implementaci\u00f3n de este nuevo sistema, se encuentran:<br \/>\n\u2022\tMayor capacidad de generaci\u00f3n de nuevos servicios y productos financieros.<br \/>\n\u2022\tUna seguridad financiera superior.<br \/>\n\u2022\tMayor estabilidad de la plataforma.<\/p>\n","protected":false},"excerpt":{"rendered":"<p>Cooperativa ELGA, siempre a la vanguardia del liderazgo tecnol\u00f3gico implementa su nuevo sistema CORE Financiero. El CORE Financiero incluye medidas de protecci\u00f3n de \u00faltima generaci\u00f3n para salvaguardar la informaci\u00f3n y las transacciones de cada usuario. Este enfoque integral de la seguridad garantiza que todos los afiliados puedan administrar sus cuentas con total tranquilidad. Entre las<\/p>\n","protected":false},"author":4,"featured_media":6819,"parent":0,"menu_order":0,"comment_status":"closed","ping_status":"closed","template":"","meta":[],"_links":{"self":[{"href":"https:\/\/www.coopelga.hn\/informativa\/wp-json\/wp\/v2\/pages\/6818"}],"collection":[{"href":"https:\/\/www.coopelga.hn\/informativa\/wp-json\/wp\/v2\/pages"}],"about":[{"href":"https:\/\/www.coopelga.hn\/informativa\/wp-json\/wp\/v2\/types\/page"}],"author":[{"embeddable":true,"href":"https:\/\/www.coopelga.hn\/informativa\/wp-json\/wp\/v2\/users\/4"}],"replies":[{"embeddable":true,"href":"https:\/\/www.coopelga.hn\/informativa\/wp-json\/wp\/v2\/comments?post=6818"}],"version-history":[{"count":5,"href":"https:\/\/www.coopelga.hn\/informativa\/wp-json\/wp\/v2\/pages\/6818\/revisions"}],"predecessor-version":[{"id":6826,"href":"https:\/\/www.coopelga.hn\/informativa\/wp-json\/wp\/v2\/pages\/6818\/revisions\/6826"}],"wp:featuredmedia":[{"embeddable":true,"href":"https:\/\/www.coopelga.hn\/informativa\/wp-json\/wp\/v2\/media\/6819"}],"wp:attachment":[{"href":"https:\/\/www.coopelga.hn\/informativa\/wp-json\/wp\/v2\/media?parent=6818"}],"curies":[{"name":"wp","href":"https:\/\/api.w.org\/{rel}","templated":true}]}}